{"id":1520,"date":"2021-04-19T18:24:07","date_gmt":"2021-04-19T16:24:07","guid":{"rendered":"http:\/\/studiolouisdelbaere.com\/?page_id=1520"},"modified":"2021-05-13T15:30:53","modified_gmt":"2021-05-13T13:30:53","slug":"design","status":"publish","type":"page","link":"http:\/\/studiolouisdelbaere.com\/index.php\/design\/","title":{"rendered":"DESIGN"},"content":{"rendered":"\n<section class=\"wp-block-themeisle-blocks-advanced-columns alignfull has-1-columns has-desktop-equal-layout has-tablet-equal-layout has-mobile-equal-layout has-nogap-gap has-vertical-flex-start\" id=\"wp-block-themeisle-blocks-advanced-columns-dab9e0bf\"><div class=\"wp-block-themeisle-blocks-advanced-columns-overlay\"><\/div><div class=\"innerblocks-wrap\">\n<div class=\"wp-block-themeisle-blocks-advanced-column\" id=\"wp-block-themeisle-blocks-advanced-column-9df22226\">\n<section class=\"wp-block-themeisle-blocks-advanced-columns has-1-columns has-desktop-equal-layout has-tablet-equal-layout has-mobile-equal-layout has-nogap-gap has-vertical-flex-start\" id=\"wp-block-themeisle-blocks-advanced-columns-25c95699\"><div class=\"wp-block-themeisle-blocks-advanced-columns-overlay\"><\/div><div class=\"innerblocks-wrap\">\n<div class=\"wp-block-themeisle-blocks-advanced-column\" id=\"wp-block-themeisle-blocks-advanced-column-d4d9a4f8\">\n<p class=\"has-text-align-center has-cyan-bluish-gray-color has-text-color has-normal-font-size\">Le studio assure la conception r\u00e9alisation de pi\u00e8ce de mobilier, set design &amp; d\u00e9cors<\/p>\n<\/div>\n<\/div><\/section>\n\n\n\n<section class=\"wp-block-themeisle-blocks-advanced-columns has-2-columns has-desktop-equal-layout has-tablet-equal-layout has-mobile-collapsedRows-layout has-nogap-gap has-vertical-flex-start\" id=\"wp-block-themeisle-blocks-advanced-columns-b56443a0\"><div class=\"wp-block-themeisle-blocks-advanced-columns-overlay\"><\/div><div class=\"innerblocks-wrap\">\n<div class=\"wp-block-themeisle-blocks-advanced-column\" id=\"wp-block-themeisle-blocks-advanced-column-1bb9ffb4\">\n<div id=\"wp-block-themeisle-blocks-slider-d51c54b4\" class=\"wp-block-themeisle-blocks-slider glide\" data-per-view=\"1\" data-gap=\"0\" data-peek=\"0\" data-autoplay=\"true\" data-height=\"300px\" data-hide-arrows=\"true\"><div class=\"glide__track\" data-glide-el=\"track\"><div class=\"glide__slides\"><div class=\"wp-block-themeisle-blocks-slider-item-wrapper glide__slide\" tabindex=\"0\"><figure><img class=\"wp-block-themeisle-blocks-slider-item\" src=\"http:\/\/studiolouisdelbaere.com\/wp-content\/uploads\/2021\/05\/IMG_4390.jpg\" alt=\"\" title=\"\" data-id=\"1636\"\/><\/figure><\/div><div class=\"wp-block-themeisle-blocks-slider-item-wrapper glide__slide\" tabindex=\"0\"><figure><img class=\"wp-block-themeisle-blocks-slider-item\" src=\"http:\/\/studiolouisdelbaere.com\/wp-content\/uploads\/2021\/05\/IMG_4398.jpg\" alt=\"\" title=\"\" data-id=\"1637\"\/><\/figure><\/div><\/div><\/div><\/div>\n\n\n\n<h2 class=\"has-text-align-center has-small-font-size\">#CABINET<\/h2>\n\n\n\n<p class=\"has-text-align-center has-cyan-bluish-gray-color has-text-color\">Cabinet\/bar, <em>Stone<\/em>, bois, acier canon de fusil, cuivre p\u00e2tin\u00e9, pigments naturels<\/p>\n<\/div>\n\n\n\n<div class=\"wp-block-themeisle-blocks-advanced-column\" id=\"wp-block-themeisle-blocks-advanced-column-e0a218d6\">\n<div id=\"wp-block-themeisle-blocks-slider-8e7cd192\" class=\"wp-block-themeisle-blocks-slider glide\" data-per-view=\"1\" data-gap=\"0\" data-peek=\"0\" data-autoplay=\"true\" data-height=\"300px\" data-hide-arrows=\"true\"><div class=\"glide__track\" data-glide-el=\"track\"><div class=\"glide__slides\"><div class=\"wp-block-themeisle-blocks-slider-item-wrapper glide__slide\" tabindex=\"0\"><figure><img class=\"wp-block-themeisle-blocks-slider-item\" src=\"http:\/\/studiolouisdelbaere.com\/wp-content\/uploads\/2021\/05\/IMG_0046-1024x682.jpg\" alt=\"\" title=\"\" data-id=\"1638\"\/><\/figure><\/div><div class=\"wp-block-themeisle-blocks-slider-item-wrapper glide__slide\" tabindex=\"0\"><figure><img class=\"wp-block-themeisle-blocks-slider-item\" src=\"http:\/\/studiolouisdelbaere.com\/wp-content\/uploads\/2021\/05\/IMG_0047-1024x682.jpg\" alt=\"\" title=\"\" data-id=\"1639\"\/><\/figure><\/div><div class=\"wp-block-themeisle-blocks-slider-item-wrapper glide__slide\" tabindex=\"0\"><figure><img class=\"wp-block-themeisle-blocks-slider-item\" src=\"http:\/\/studiolouisdelbaere.com\/wp-content\/uploads\/2021\/05\/IMG_0049-1024x690.jpg\" alt=\"\" title=\"\" data-id=\"1640\"\/><\/figure><\/div><div class=\"wp-block-themeisle-blocks-slider-item-wrapper glide__slide\" tabindex=\"0\"><figure><img class=\"wp-block-themeisle-blocks-slider-item\" src=\"http:\/\/studiolouisdelbaere.com\/wp-content\/uploads\/2021\/05\/IMG_0057-1024x682.jpg\" alt=\"\" title=\"\" data-id=\"1641\"\/><\/figure><\/div><\/div><\/div><\/div>\n\n\n\n<h2 class=\"has-text-align-center has-small-font-size\">#COMMODE<\/h2>\n\n\n\n<p class=\"has-text-align-center has-cyan-bluish-gray-color has-text-color\">Commode, <em>Rose-line<\/em>, \u00e9co-con\u00e7ue, bois de r\u00e9cup\u00e9ration coquillages, pigments naturels.<\/p>\n<\/div>\n<\/div><\/section>\n<\/div>\n<\/div><\/section>\n\n\n\n<section class=\"wp-block-themeisle-blocks-advanced-columns alignfull has-1-columns has-desktop-equal-layout has-tablet-equal-layout has-mobile-equal-layout has-nogap-gap has-vertical-flex-start\" id=\"wp-block-themeisle-blocks-advanced-columns-6a784695\"><div class=\"wp-block-themeisle-blocks-advanced-columns-overlay\"><\/div><div class=\"innerblocks-wrap\">\n<div class=\"wp-block-themeisle-blocks-advanced-column\" id=\"wp-block-themeisle-blocks-advanced-column-0ddb0e0b\">\n<section class=\"wp-block-themeisle-blocks-advanced-columns has-2-columns has-desktop-equal-layout has-tablet-equal-layout has-mobile-collapsedRows-layout has-nogap-gap has-vertical-flex-start\" id=\"wp-block-themeisle-blocks-advanced-columns-66653033\"><div class=\"wp-block-themeisle-blocks-advanced-columns-overlay\"><\/div><div class=\"innerblocks-wrap\">\n<div class=\"wp-block-themeisle-blocks-advanced-column\" id=\"wp-block-themeisle-blocks-advanced-column-a880da03\">\n<div id=\"wp-block-themeisle-blocks-slider-c507ae3e\" class=\"wp-block-themeisle-blocks-slider glide\" data-per-view=\"1\" data-gap=\"0\" data-peek=\"0\" data-autoplay=\"true\" data-height=\"300px\" data-hide-arrows=\"true\"><div class=\"glide__track\" data-glide-el=\"track\"><div class=\"glide__slides\"><div class=\"wp-block-themeisle-blocks-slider-item-wrapper glide__slide\" tabindex=\"0\"><figure><img class=\"wp-block-themeisle-blocks-slider-item\" src=\"http:\/\/studiolouisdelbaere.com\/wp-content\/uploads\/2021\/05\/IMG_0002-scaled.jpg\" alt=\"\" title=\"\" data-id=\"1654\"\/><\/figure><\/div><\/div><\/div><\/div>\n\n\n\n<h2 class=\"has-text-align-center has-small-font-size\">#TABLE.BASSE<\/h2>\n\n\n\n<p class=\"has-text-align-center has-cyan-bluish-gray-color has-text-color\">Table basse, <em>Brazil, <\/em>\u00e9co-con\u00e7ue en brois de r\u00e9cup\u00e9ration et assemblage sans m\u00e9tal<\/p>\n<\/div>\n\n\n\n<div class=\"wp-block-themeisle-blocks-advanced-column\" id=\"wp-block-themeisle-blocks-advanced-column-9010926c\">\n<div id=\"wp-block-themeisle-blocks-slider-0f7be39a\" class=\"wp-block-themeisle-blocks-slider glide\" data-per-view=\"1\" data-gap=\"0\" data-peek=\"0\" data-autoplay=\"true\" data-height=\"300px\" data-hide-arrows=\"true\"><div class=\"glide__track\" data-glide-el=\"track\"><div class=\"glide__slides\"><div class=\"wp-block-themeisle-blocks-slider-item-wrapper glide__slide\" tabindex=\"0\"><figure><img class=\"wp-block-themeisle-blocks-slider-item\" src=\"http:\/\/studiolouisdelbaere.com\/wp-content\/uploads\/2021\/05\/table-basse-3.jpg\" alt=\"\" title=\"\" data-id=\"1656\"\/><\/figure><\/div><div class=\"wp-block-themeisle-blocks-slider-item-wrapper glide__slide\" tabindex=\"0\"><figure><img class=\"wp-block-themeisle-blocks-slider-item\" src=\"http:\/\/studiolouisdelbaere.com\/wp-content\/uploads\/2021\/05\/table-basse-4.jpg\" alt=\"\" title=\"\" data-id=\"1657\"\/><\/figure><\/div><div class=\"wp-block-themeisle-blocks-slider-item-wrapper glide__slide\" tabindex=\"0\"><figure><img class=\"wp-block-themeisle-blocks-slider-item\" src=\"http:\/\/studiolouisdelbaere.com\/wp-content\/uploads\/2021\/05\/table-basse-scaled.jpg\" alt=\"\" title=\"\" data-id=\"1658\"\/><\/figure><\/div><\/div><\/div><\/div>\n\n\n\n<h2 class=\"has-text-align-center has-small-font-size\">#TABLE.D&#8217;APPOINT<\/h2>\n\n\n\n<p class=\"has-text-align-center has-cyan-bluish-gray-color has-text-color\">Table basse ou table, <em>Terrasse<\/em>, &#8216;appoint \u00e9co-con\u00e7ue en bois de r\u00e9cup\u00e9ration, ciment pur et acier patin\u00e9 <\/p>\n<\/div>\n<\/div><\/section>\n<\/div>\n<\/div><\/section>\n\n\n\n<section class=\"wp-block-themeisle-blocks-advanced-columns alignfull has-1-columns has-desktop-equal-layout has-tablet-equal-layout has-mobile-equal-layout has-nogap-gap has-vertical-flex-start\" id=\"wp-block-themeisle-blocks-advanced-columns-da65424b\"><div class=\"wp-block-themeisle-blocks-advanced-columns-overlay\"><\/div><div class=\"innerblocks-wrap\">\n<div class=\"wp-block-themeisle-blocks-advanced-column\" id=\"wp-block-themeisle-blocks-advanced-column-a0018468\">\n<section class=\"wp-block-themeisle-blocks-advanced-columns has-2-columns has-desktop-equal-layout has-tablet-equal-layout has-mobile-collapsedRows-layout has-nogap-gap has-vertical-flex-start\" id=\"wp-block-themeisle-blocks-advanced-columns-1b48094a\"><div class=\"wp-block-themeisle-blocks-advanced-columns-overlay\"><\/div><div class=\"innerblocks-wrap\">\n<div class=\"wp-block-themeisle-blocks-advanced-column\" id=\"wp-block-themeisle-blocks-advanced-column-d2a43c06\">\n<div id=\"wp-block-themeisle-blocks-slider-a231e83b\" class=\"wp-block-themeisle-blocks-slider glide\" data-per-view=\"1\" data-gap=\"0\" data-peek=\"0\" data-autoplay=\"true\" data-height=\"300px\" data-hide-arrows=\"true\"><div class=\"glide__track\" data-glide-el=\"track\"><div class=\"glide__slides\"><div class=\"wp-block-themeisle-blocks-slider-item-wrapper glide__slide\" tabindex=\"0\"><figure><img class=\"wp-block-themeisle-blocks-slider-item\" src=\"http:\/\/studiolouisdelbaere.com\/wp-content\/uploads\/2021\/05\/serre-livre-2-scaled.jpg\" alt=\"\" title=\"\" data-id=\"1665\"\/><\/figure><\/div><div class=\"wp-block-themeisle-blocks-slider-item-wrapper glide__slide\" tabindex=\"0\"><figure><img class=\"wp-block-themeisle-blocks-slider-item\" src=\"http:\/\/studiolouisdelbaere.com\/wp-content\/uploads\/2021\/05\/serre-livre-3-scaled.jpg\" alt=\"\" title=\"\" data-id=\"1666\"\/><\/figure><\/div><div class=\"wp-block-themeisle-blocks-slider-item-wrapper glide__slide\" tabindex=\"0\"><figure><img class=\"wp-block-themeisle-blocks-slider-item\" src=\"http:\/\/studiolouisdelbaere.com\/wp-content\/uploads\/2021\/05\/serre-livre-scaled.jpg\" alt=\"\" title=\"\" data-id=\"1667\"\/><\/figure><\/div><\/div><\/div><\/div>\n\n\n\n<h2 class=\"has-text-align-center has-small-font-size\">#SERRES.LIVRES<\/h2>\n\n\n\n<p class=\"has-text-align-center has-cyan-bluish-gray-color has-text-color\">Serres livres e, <em>Pyl\u00f4nes<\/em>, en bois calcin\u00e9 et moulage de plomb. <\/p>\n<\/div>\n\n\n\n<div class=\"wp-block-themeisle-blocks-advanced-column\" id=\"wp-block-themeisle-blocks-advanced-column-f5130d04\">\n<div id=\"wp-block-themeisle-blocks-slider-1c6959d8\" class=\"wp-block-themeisle-blocks-slider glide\" data-per-view=\"1\" data-gap=\"0\" data-peek=\"0\" data-autoplay=\"true\" data-height=\"300px\" data-hide-arrows=\"true\"><div class=\"glide__track\" data-glide-el=\"track\"><div class=\"glide__slides\"><div class=\"wp-block-themeisle-blocks-slider-item-wrapper glide__slide\" tabindex=\"0\"><figure><img class=\"wp-block-themeisle-blocks-slider-item\" src=\"http:\/\/studiolouisdelbaere.com\/wp-content\/uploads\/2021\/05\/photo-1-scaled.jpg\" alt=\"\" title=\"\" data-id=\"1668\"\/><\/figure><\/div><div class=\"wp-block-themeisle-blocks-slider-item-wrapper glide__slide\" tabindex=\"0\"><figure><img class=\"wp-block-themeisle-blocks-slider-item\" src=\"http:\/\/studiolouisdelbaere.com\/wp-content\/uploads\/2021\/05\/photo-2-scaled.jpg\" alt=\"\" title=\"\" data-id=\"1669\"\/><\/figure><\/div><div class=\"wp-block-themeisle-blocks-slider-item-wrapper glide__slide\" tabindex=\"0\"><figure><img class=\"wp-block-themeisle-blocks-slider-item\" src=\"http:\/\/studiolouisdelbaere.com\/wp-content\/uploads\/2021\/05\/photo-scaled.jpg\" alt=\"\" title=\"\" data-id=\"1670\"\/><\/figure><\/div><\/div><\/div><\/div>\n\n\n\n<h2 class=\"has-text-align-center has-small-font-size\">#FAUTEUILS<\/h2>\n\n\n\n<p class=\"has-text-align-center has-cyan-bluish-gray-color has-text-color\">Double fauteuils <em>Cube<\/em>, en acier canon de fusil textile et ch\u00eane<\/p>\n<\/div>\n<\/div><\/section>\n<\/div>\n<\/div><\/section>\n\n\n\n<section class=\"wp-block-themeisle-blocks-advanced-columns alignfull has-3-columns has-desktop-equal-layout has-tablet-equal-layout has-mobile-collapsedRows-layout has-nogap-gap has-vertical-flex-start\" id=\"wp-block-themeisle-blocks-advanced-columns-c35e1bf3\"><div class=\"wp-block-themeisle-blocks-advanced-columns-overlay\"><\/div><div class=\"innerblocks-wrap\">\n<div class=\"wp-block-themeisle-blocks-advanced-column\" id=\"wp-block-themeisle-blocks-advanced-column-7002fb8f\">\n<div id=\"wp-block-themeisle-blocks-slider-5c4ad55c\" class=\"wp-block-themeisle-blocks-slider glide\" data-per-view=\"1\" data-gap=\"0\" data-peek=\"0\" data-autoplay=\"true\" data-height=\"350px\" data-hide-arrows=\"true\"><div class=\"glide__track\" data-glide-el=\"track\"><div class=\"glide__slides\"><div class=\"wp-block-themeisle-blocks-slider-item-wrapper glide__slide\" tabindex=\"0\"><figure><img class=\"wp-block-themeisle-blocks-slider-item\" src=\"http:\/\/studiolouisdelbaere.com\/wp-content\/uploads\/2021\/05\/studio_louis_delbaere_tripod_stool_trash_black-scaled.jpg\" alt=\"\" title=\"\" data-id=\"1673\"\/><\/figure><\/div><div class=\"wp-block-themeisle-blocks-slider-item-wrapper glide__slide\" tabindex=\"0\"><figure><img class=\"wp-block-themeisle-blocks-slider-item\" src=\"http:\/\/studiolouisdelbaere.com\/wp-content\/uploads\/2021\/05\/studio_louis_delbaere_tripod_stool_trash_black-5-scaled.jpg\" alt=\"\" title=\"\" data-id=\"1674\"\/><\/figure><\/div><\/div><\/div><\/div>\n\n\n\n<h2 class=\"has-text-align-left has-small-font-size\">#TABOURET<\/h2>\n\n\n\n<p class=\"has-text-align-left has-cyan-bluish-gray-color has-text-color\">Tabouret, <em>Trash Black<\/em>, \u00e9co-con\u00e7u, en bois de r\u00e9cup\u00e9ration et ciment pur<\/p>\n<\/div>\n\n\n\n<div class=\"wp-block-themeisle-blocks-advanced-column\" id=\"wp-block-themeisle-blocks-advanced-column-3e5aec1f\">\n<div id=\"wp-block-themeisle-blocks-slider-92588372\" class=\"wp-block-themeisle-blocks-slider glide\" data-per-view=\"1\" data-gap=\"0\" data-peek=\"0\" data-autoplay=\"true\" data-height=\"350px\" data-hide-arrows=\"true\"><div class=\"glide__track\" data-glide-el=\"track\"><div class=\"glide__slides\"><div class=\"wp-block-themeisle-blocks-slider-item-wrapper glide__slide\" tabindex=\"0\"><figure><img class=\"wp-block-themeisle-blocks-slider-item\" src=\"http:\/\/studiolouisdelbaere.com\/wp-content\/uploads\/2020\/11\/LOU1258.jpg\" alt=\"\" title=\"\" data-id=\"1302\"\/><\/figure><\/div><\/div><\/div><\/div>\n\n\n\n<h2 class=\"has-text-align-left has-small-font-size\">#LEGO<\/h2>\n\n\n\n<p class=\"has-text-align-left has-cyan-bluish-gray-color has-text-color\">Installation\/set design Lego. <\/p>\n<\/div>\n\n\n\n<div class=\"wp-block-themeisle-blocks-advanced-column\" id=\"wp-block-themeisle-blocks-advanced-column-be60fbba\">\n<div id=\"wp-block-themeisle-blocks-slider-72c7796f\" class=\"wp-block-themeisle-blocks-slider glide\" data-per-view=\"1\" data-gap=\"0\" data-peek=\"0\" data-autoplay=\"true\" data-height=\"350px\" data-hide-arrows=\"false\"><div class=\"glide__track\" data-glide-el=\"track\"><div class=\"glide__slides\"><div class=\"wp-block-themeisle-blocks-slider-item-wrapper glide__slide\" tabindex=\"0\"><figure><img class=\"wp-block-themeisle-blocks-slider-item\" src=\"http:\/\/studiolouisdelbaere.com\/wp-content\/uploads\/2021\/05\/coming-soon-1-scaled.jpg\" alt=\"\" title=\"\" data-id=\"1626\"\/><\/figure><\/div><\/div><div class=\"glide__bullets\" data-glide-el=\"controls[nav]\"><button class=\"glide__bullet\" data-glide-dir=\"=0\"><\/button><\/div><\/div><\/div>\n\n\n\n<h2 class=\"has-text-align-left has-small-font-size\">A venir<\/h2>\n\n\n\n<p class=\"has-text-align-left has-cyan-bluish-gray-color has-text-color\">Coming soon<\/p>\n<\/div>\n<\/div><\/section>\n","protected":false},"excerpt":{"rendered":"","protected":false},"author":1,"featured_media":0,"parent":0,"menu_order":0,"comment_status":"closed","ping_status":"closed","template":"","meta":[],"_links":{"self":[{"href":"http:\/\/studiolouisdelbaere.com\/index.php\/wp-json\/wp\/v2\/pages\/1520"}],"collection":[{"href":"http:\/\/studiolouisdelbaere.com\/index.php\/wp-json\/wp\/v2\/pages"}],"about":[{"href":"http:\/\/studiolouisdelbaere.com\/index.php\/wp-json\/wp\/v2\/types\/page"}],"author":[{"embeddable":true,"href":"http:\/\/studiolouisdelbaere.com\/index.php\/wp-json\/wp\/v2\/users\/1"}],"replies":[{"embeddable":true,"href":"http:\/\/studiolouisdelbaere.com\/index.php\/wp-json\/wp\/v2\/comments?post=1520"}],"version-history":[{"count":19,"href":"http:\/\/studiolouisdelbaere.com\/index.php\/wp-json\/wp\/v2\/pages\/1520\/revisions"}],"predecessor-version":[{"id":1702,"href":"http:\/\/studiolouisdelbaere.com\/index.php\/wp-json\/wp\/v2\/pages\/1520\/revisions\/1702"}],"wp:attachment":[{"href":"http:\/\/studiolouisdelbaere.com\/index.php\/wp-json\/wp\/v2\/media?parent=1520"}],"curies":[{"name":"wp","href":"https:\/\/api.w.org\/{rel}","templated":true}]}}